{"id":1586,"date":"2023-06-25T14:13:52","date_gmt":"2023-06-25T12:13:52","guid":{"rendered":"https:\/\/v-hulstzadels.nl\/?page_id=1586"},"modified":"2024-09-19T12:26:30","modified_gmt":"2024-09-19T10:26:30","slug":"maintenance-page","status":"publish","type":"page","link":"https:\/\/v-hulstzadels.nl\/en\/maintenance-page\/","title":{"rendered":"Maintenance page"},"content":{"rendered":"\t\t<div data-elementor-type=\"wp-page\" data-elementor-id=\"1586\" class=\"elementor elementor-1586 elementor-7\" data-elementor-post-type=\"page\">\n\t\t\t\t\t\t<section class=\"elementor-section elementor-top-section elementor-element elementor-element-7a065f61 elementor-section-full_width elementor-section-height-min-height elementor-section-items-stretch elementor-section-content-middle elementor-section-height-default\" data-id=\"7a065f61\" data-element_type=\"section\">\n\t\t\t\t\t\t<div class=\"elementor-container elementor-column-gap-default\">\n\t\t\t\t\t<div class=\"elementor-column elementor-col-50 elementor-top-column elementor-element elementor-element-627abc3f\" data-id=\"627abc3f\" data-element_type=\"column\" data-settings=\"{&quot;background_background&quot;:&quot;classic&quot;}\">\n\t\t\t<div class=\"elementor-widget-wrap elementor-element-populated\">\n\t\t\t\t\t\t<div class=\"elementor-element elementor-element-78d6074b elementor-widget__width-initial elementor-widget elementor-widget-heading\" data-id=\"78d6074b\" data-element_type=\"widget\" data-widget_type=\"heading.default\">\n\t\t\t\t<div class=\"elementor-widget-container\">\n\t\t\t\t\t<h1 class=\"elementor-heading-title elementor-size-default\">Your horse\u2019s welfare comes first, second and third<\/h1>\t\t\t\t<\/div>\n\t\t\t\t<\/div>\n\t\t\t\t<div class=\"elementor-element elementor-element-c3caaac elementor-widget elementor-widget-heading\" data-id=\"c3caaac\" data-element_type=\"widget\" data-widget_type=\"heading.default\">\n\t\t\t\t<div class=\"elementor-widget-container\">\n\t\t\t\t\t<h2 class=\"elementor-heading-title elementor-size-default\">with a safe, secure and comfortable saddle<\/h2>\t\t\t\t<\/div>\n\t\t\t\t<\/div>\n\t\t\t\t<div class=\"elementor-element elementor-element-ddf8aaf elementor-hidden-tablet elementor-widget elementor-widget-spacer\" data-id=\"ddf8aaf\" data-element_type=\"widget\" data-widget_type=\"spacer.default\">\n\t\t\t\t<div class=\"elementor-widget-container\">\n\t\t\t\t\t\t\t<div class=\"elementor-spacer\">\n\t\t\t<div class=\"elementor-spacer-inner\"><\/div>\n\t\t<\/div>\n\t\t\t\t\t\t<\/div>\n\t\t\t\t<\/div>\n\t\t\t\t<div class=\"elementor-element elementor-element-59c5c70 elementor-widget__width-initial elementor-widget elementor-widget-text-editor\" data-id=\"59c5c70\" data-element_type=\"widget\" data-widget_type=\"text-editor.default\">\n\t\t\t\t<div class=\"elementor-widget-container\">\n\t\t\t\t\t\t\t\t\t<p>If your saddle is perfectly adjusted to your horse\u2019s tracings, he\/she can move around freely without restrictions. This prevents pain, injuries and complications. My name is Natalie van Hulst. I am passionate about equipping horses with safe, secure and comfortable saddles, as I put horses\u2019 welfare first, second and third.<\/p>\n<p>&nbsp;<\/p>\n<p>Behind the scenes, we\u2019re currently busy redesigning our website. Feel free to contact me if you would like more information or to schedule a saddle consultation &nbsp;<\/p>\n\t\t\t\t\t\t\t\t<\/div>\n\t\t\t\t<\/div>\n\t\t\t\t<div class=\"elementor-element elementor-element-9c4fccd elementor-widget elementor-widget-spacer\" data-id=\"9c4fccd\" data-element_type=\"widget\" data-widget_type=\"spacer.default\">\n\t\t\t\t<div class=\"elementor-widget-container\">\n\t\t\t\t\t\t\t<div class=\"elementor-spacer\">\n\t\t\t<div class=\"elementor-spacer-inner\"><\/div>\n\t\t<\/div>\n\t\t\t\t\t\t<\/div>\n\t\t\t\t<\/div>\n\t\t\t\t<div class=\"elementor-element elementor-element-aa898bd elementor-shape-square elementor-grid-3 e-grid-align-left elementor-widget elementor-widget-social-icons\" data-id=\"aa898bd\" data-element_type=\"widget\" data-widget_type=\"social-icons.default\">\n\t\t\t\t<div class=\"elementor-widget-container\">\n\t\t\t\t\t\t\t<div class=\"elementor-social-icons-wrapper elementor-grid\" role=\"list\">\n\t\t\t\t\t\t\t<span class=\"elementor-grid-item\" role=\"listitem\">\n\t\t\t\t\t<a class=\"elementor-icon elementor-social-icon elementor-social-icon-instagram elementor-repeater-item-08da3ed\" href=\"https:\/\/www.instagram.com\/v.hulstzadels\/\" target=\"_blank\">\n\t\t\t\t\t\t<span class=\"elementor-screen-only\">Instagram<\/span>\n\t\t\t\t\t\t<i class=\"fab fa-instagram\"><\/i>\t\t\t\t\t<\/a>\n\t\t\t\t<\/span>\n\t\t\t\t\t\t\t<span class=\"elementor-grid-item\" role=\"listitem\">\n\t\t\t\t\t<a class=\"elementor-icon elementor-social-icon elementor-social-icon-envelope elementor-repeater-item-bf0be3c\" href=\"mailto:natalie.vanhulst@gmail.com\" target=\"_blank\">\n\t\t\t\t\t\t<span class=\"elementor-screen-only\">Envelope<\/span>\n\t\t\t\t\t\t<i class=\"fas fa-envelope\"><\/i>\t\t\t\t\t<\/a>\n\t\t\t\t<\/span>\n\t\t\t\t\t\t\t<span class=\"elementor-grid-item\" role=\"listitem\">\n\t\t\t\t\t<a class=\"elementor-icon elementor-social-icon elementor-social-icon-phone-alt elementor-repeater-item-b2d3261\" href=\"tel:+316-22578257\" target=\"_blank\">\n\t\t\t\t\t\t<span class=\"elementor-screen-only\">Phone-alt<\/span>\n\t\t\t\t\t\t<i class=\"fas fa-phone-alt\"><\/i>\t\t\t\t\t<\/a>\n\t\t\t\t<\/span>\n\t\t\t\t\t<\/div>\n\t\t\t\t\t\t<\/div>\n\t\t\t\t<\/div>\n\t\t\t\t\t<\/div>\n\t\t<\/div>\n\t\t\t\t<div class=\"elementor-column elementor-col-50 elementor-top-column elementor-element elementor-element-1a3151a8\" data-id=\"1a3151a8\" data-element_type=\"column\" data-settings=\"{&quot;background_background&quot;:&quot;classic&quot;}\">\n\t\t\t<div class=\"elementor-widget-wrap\">\n\t\t\t\t\t\t\t<\/div>\n\t\t<\/div>\n\t\t\t\t\t<\/div>\n\t\t<\/section>\n\t\t\t\t<section class=\"elementor-section elementor-top-section elementor-element elementor-element-4b923d2 elementor-section-full_width elementor-section-height-min-height elementor-section-items-top elementor-section-content-middle elementor-section-height-default\" data-id=\"4b923d2\" data-element_type=\"section\">\n\t\t\t\t\t\t<div class=\"elementor-container elementor-column-gap-no\">\n\t\t\t\t\t<div class=\"elementor-column elementor-col-100 elementor-top-column elementor-element elementor-element-14f16ef4\" data-id=\"14f16ef4\" data-element_type=\"column\">\n\t\t\t<div class=\"elementor-widget-wrap elementor-element-populated\">\n\t\t\t\t\t\t<div class=\"elementor-element elementor-element-3e6e83c2 elementor-widget elementor-widget-heading\" data-id=\"3e6e83c2\" data-element_type=\"widget\" data-widget_type=\"heading.default\">\n\t\t\t\t<div class=\"elementor-widget-container\">\n\t\t\t\t\t<p class=\"elementor-heading-title elementor-size-default\">\u00a9 2026 Van Hulst Zadels All Right Reserved<\/p>\t\t\t\t<\/div>\n\t\t\t\t<\/div>\n\t\t\t\t\t<\/div>\n\t\t<\/div>\n\t\t\t\t\t<\/div>\n\t\t<\/section>\n\t\t\t\t<\/div>\n\t\t","protected":false},"excerpt":{"rendered":"<p>Your horse\u2019s welfare comes first, second and third with a safe, secure and comfortable saddle If your saddle is perfectly adjusted to your horse\u2019s tracings, he\/she can move around freely without restrictions. This prevents pain, injuries and complications. My name is Natalie van Hulst. I am passionate about equipping horses with safe, secure and comfortable [&hellip;]<\/p>\n","protected":false},"author":2,"featured_media":0,"parent":0,"menu_order":0,"comment_status":"closed","ping_status":"closed","template":"elementor_canvas","meta":{"footnotes":""},"class_list":["post-1586","page","type-page","status-publish","hentry"],"yoast_head":"<!-- This site is optimized with the Yoast SEO plugin v25.8 - https:\/\/yoast.com\/wordpress\/plugins\/seo\/ -->\n<title>Maintenance page - van Hulst Zadels<\/title>\n<meta name=\"robots\" content=\"index, follow, max-snippet:-1, max-image-preview:large, max-video-preview:-1\" \/>\n<link rel=\"canonical\" href=\"https:\/\/v-hulstzadels.nl\/en\/maintenance-page\/\" \/>\n<meta property=\"og:locale\" content=\"en_US\" \/>\n<meta property=\"og:type\" content=\"article\" \/>\n<meta property=\"og:title\" content=\"Maintenance page - van Hulst Zadels\" \/>\n<meta property=\"og:description\" content=\"Your horse\u2019s welfare comes first, second and third with a safe, secure and comfortable saddle If your saddle is perfectly adjusted to your horse\u2019s tracings, he\/she can move around freely without restrictions. This prevents pain, injuries and complications. My name is Natalie van Hulst. I am passionate about equipping horses with safe, secure and comfortable [&hellip;]\" \/>\n<meta property=\"og:url\" content=\"https:\/\/v-hulstzadels.nl\/en\/maintenance-page\/\" \/>\n<meta property=\"og:site_name\" content=\"van Hulst Zadels\" \/>\n<meta property=\"article:modified_time\" content=\"2024-09-19T10:26:30+00:00\" \/>\n<meta name=\"twitter:card\" content=\"summary_large_image\" \/>\n<meta name=\"twitter:label1\" content=\"Est. reading time\" \/>\n\t<meta name=\"twitter:data1\" content=\"1 minute\" \/>\n<script type=\"application\/ld+json\" class=\"yoast-schema-graph\">{\"@context\":\"https:\/\/schema.org\",\"@graph\":[{\"@type\":\"WebPage\",\"@id\":\"https:\/\/v-hulstzadels.nl\/en\/maintenance-page\/\",\"url\":\"https:\/\/v-hulstzadels.nl\/en\/maintenance-page\/\",\"name\":\"Maintenance page - van Hulst Zadels\",\"isPartOf\":{\"@id\":\"https:\/\/v-hulstzadels.nl\/en\/#website\"},\"datePublished\":\"2023-06-25T12:13:52+00:00\",\"dateModified\":\"2024-09-19T10:26:30+00:00\",\"breadcrumb\":{\"@id\":\"https:\/\/v-hulstzadels.nl\/en\/maintenance-page\/#breadcrumb\"},\"inLanguage\":\"en-US\",\"potentialAction\":[{\"@type\":\"ReadAction\",\"target\":[\"https:\/\/v-hulstzadels.nl\/en\/maintenance-page\/\"]}]},{\"@type\":\"BreadcrumbList\",\"@id\":\"https:\/\/v-hulstzadels.nl\/en\/maintenance-page\/#breadcrumb\",\"itemListElement\":[{\"@type\":\"ListItem\",\"position\":1,\"name\":\"Home\",\"item\":\"https:\/\/v-hulstzadels.nl\/en\/\"},{\"@type\":\"ListItem\",\"position\":2,\"name\":\"Maintenance page\"}]},{\"@type\":\"WebSite\",\"@id\":\"https:\/\/v-hulstzadels.nl\/en\/#website\",\"url\":\"https:\/\/v-hulstzadels.nl\/en\/\",\"name\":\"van Hulst Zadels\",\"description\":\"Paardenwelzijn op plek \u00e9\u00e9n, twee \u00e9n drie\",\"publisher\":{\"@id\":\"https:\/\/v-hulstzadels.nl\/en\/#organization\"},\"potentialAction\":[{\"@type\":\"SearchAction\",\"target\":{\"@type\":\"EntryPoint\",\"urlTemplate\":\"https:\/\/v-hulstzadels.nl\/en\/?s={search_term_string}\"},\"query-input\":{\"@type\":\"PropertyValueSpecification\",\"valueRequired\":true,\"valueName\":\"search_term_string\"}}],\"inLanguage\":\"en-US\"},{\"@type\":\"Organization\",\"@id\":\"https:\/\/v-hulstzadels.nl\/en\/#organization\",\"name\":\"v. Hulst Zadels\",\"url\":\"https:\/\/v-hulstzadels.nl\/en\/\",\"logo\":{\"@type\":\"ImageObject\",\"inLanguage\":\"en-US\",\"@id\":\"https:\/\/v-hulstzadels.nl\/en\/#\/schema\/logo\/image\/\",\"url\":\"https:\/\/v-hulstzadels.nl\/wp-content\/uploads\/2024\/06\/cropped-van-Hulst-logo-CMYK.png\",\"contentUrl\":\"https:\/\/v-hulstzadels.nl\/wp-content\/uploads\/2024\/06\/cropped-van-Hulst-logo-CMYK.png\",\"width\":601,\"height\":169,\"caption\":\"v. Hulst Zadels\"},\"image\":{\"@id\":\"https:\/\/v-hulstzadels.nl\/en\/#\/schema\/logo\/image\/\"},\"sameAs\":[\"https:\/\/www.instagram.com\/v.hulstzadels\/\"]}]}<\/script>\n<!-- \/ Yoast SEO plugin. -->","yoast_head_json":{"title":"Maintenance page - van Hulst Zadels","robots":{"index":"index","follow":"follow","max-snippet":"max-snippet:-1","max-image-preview":"max-image-preview:large","max-video-preview":"max-video-preview:-1"},"canonical":"https:\/\/v-hulstzadels.nl\/en\/maintenance-page\/","og_locale":"en_US","og_type":"article","og_title":"Maintenance page - van Hulst Zadels","og_description":"Your horse\u2019s welfare comes first, second and third with a safe, secure and comfortable saddle If your saddle is perfectly adjusted to your horse\u2019s tracings, he\/she can move around freely without restrictions. This prevents pain, injuries and complications. My name is Natalie van Hulst. I am passionate about equipping horses with safe, secure and comfortable [&hellip;]","og_url":"https:\/\/v-hulstzadels.nl\/en\/maintenance-page\/","og_site_name":"van Hulst Zadels","article_modified_time":"2024-09-19T10:26:30+00:00","twitter_card":"summary_large_image","twitter_misc":{"Est. reading time":"1 minute"},"schema":{"@context":"https:\/\/schema.org","@graph":[{"@type":"WebPage","@id":"https:\/\/v-hulstzadels.nl\/en\/maintenance-page\/","url":"https:\/\/v-hulstzadels.nl\/en\/maintenance-page\/","name":"Maintenance page - van Hulst Zadels","isPartOf":{"@id":"https:\/\/v-hulstzadels.nl\/en\/#website"},"datePublished":"2023-06-25T12:13:52+00:00","dateModified":"2024-09-19T10:26:30+00:00","breadcrumb":{"@id":"https:\/\/v-hulstzadels.nl\/en\/maintenance-page\/#breadcrumb"},"inLanguage":"en-US","potentialAction":[{"@type":"ReadAction","target":["https:\/\/v-hulstzadels.nl\/en\/maintenance-page\/"]}]},{"@type":"BreadcrumbList","@id":"https:\/\/v-hulstzadels.nl\/en\/maintenance-page\/#breadcrumb","itemListElement":[{"@type":"ListItem","position":1,"name":"Home","item":"https:\/\/v-hulstzadels.nl\/en\/"},{"@type":"ListItem","position":2,"name":"Maintenance page"}]},{"@type":"WebSite","@id":"https:\/\/v-hulstzadels.nl\/en\/#website","url":"https:\/\/v-hulstzadels.nl\/en\/","name":"van Hulst Zadels","description":"Paardenwelzijn op plek \u00e9\u00e9n, twee \u00e9n drie","publisher":{"@id":"https:\/\/v-hulstzadels.nl\/en\/#organization"},"potentialAction":[{"@type":"SearchAction","target":{"@type":"EntryPoint","urlTemplate":"https:\/\/v-hulstzadels.nl\/en\/?s={search_term_string}"},"query-input":{"@type":"PropertyValueSpecification","valueRequired":true,"valueName":"search_term_string"}}],"inLanguage":"en-US"},{"@type":"Organization","@id":"https:\/\/v-hulstzadels.nl\/en\/#organization","name":"v. Hulst Zadels","url":"https:\/\/v-hulstzadels.nl\/en\/","logo":{"@type":"ImageObject","inLanguage":"en-US","@id":"https:\/\/v-hulstzadels.nl\/en\/#\/schema\/logo\/image\/","url":"https:\/\/v-hulstzadels.nl\/wp-content\/uploads\/2024\/06\/cropped-van-Hulst-logo-CMYK.png","contentUrl":"https:\/\/v-hulstzadels.nl\/wp-content\/uploads\/2024\/06\/cropped-van-Hulst-logo-CMYK.png","width":601,"height":169,"caption":"v. Hulst Zadels"},"image":{"@id":"https:\/\/v-hulstzadels.nl\/en\/#\/schema\/logo\/image\/"},"sameAs":["https:\/\/www.instagram.com\/v.hulstzadels\/"]}]}},"_links":{"self":[{"href":"https:\/\/v-hulstzadels.nl\/en\/wp-json\/wp\/v2\/pages\/1586","targetHints":{"allow":["GET"]}}],"collection":[{"href":"https:\/\/v-hulstzadels.nl\/en\/wp-json\/wp\/v2\/pages"}],"about":[{"href":"https:\/\/v-hulstzadels.nl\/en\/wp-json\/wp\/v2\/types\/page"}],"author":[{"embeddable":true,"href":"https:\/\/v-hulstzadels.nl\/en\/wp-json\/wp\/v2\/users\/2"}],"replies":[{"embeddable":true,"href":"https:\/\/v-hulstzadels.nl\/en\/wp-json\/wp\/v2\/comments?post=1586"}],"version-history":[{"count":3,"href":"https:\/\/v-hulstzadels.nl\/en\/wp-json\/wp\/v2\/pages\/1586\/revisions"}],"predecessor-version":[{"id":1652,"href":"https:\/\/v-hulstzadels.nl\/en\/wp-json\/wp\/v2\/pages\/1586\/revisions\/1652"}],"wp:attachment":[{"href":"https:\/\/v-hulstzadels.nl\/en\/wp-json\/wp\/v2\/media?parent=1586"}],"curies":[{"name":"wp","href":"https:\/\/api.w.org\/{rel}","templated":true}]}}