{"id":1598,"date":"2024-06-25T11:05:34","date_gmt":"2024-06-25T09:05:34","guid":{"rendered":"https:\/\/v-hulstzadels.nl\/?page_id=1598"},"modified":"2024-09-19T12:26:30","modified_gmt":"2024-09-19T10:26:30","slug":"contact","status":"publish","type":"page","link":"https:\/\/v-hulstzadels.nl\/en\/contact\/","title":{"rendered":"Contact"},"content":{"rendered":"\t\t<div data-elementor-type=\"wp-page\" data-elementor-id=\"1598\" class=\"elementor elementor-1598 elementor-1129\" data-elementor-post-type=\"page\">\n\t\t\t\t\t\t<section class=\"elementor-section elementor-top-section elementor-element elementor-element-0e69d0f elementor-section-height-min-height elementor-section-items-bottom elementor-section-full_width elementor-reverse-mobile elementor-section-height-default\" data-id=\"0e69d0f\" data-element_type=\"section\" data-settings=\"{&quot;background_background&quot;:&quot;classic&quot;}\">\n\t\t\t\t\t\t\t<div class=\"elementor-background-overlay\"><\/div>\n\t\t\t\t\t\t\t<div class=\"elementor-container elementor-column-gap-default\">\n\t\t\t\t\t<div class=\"elementor-column elementor-col-50 elementor-top-column elementor-element elementor-element-32dad93\" data-id=\"32dad93\" data-element_type=\"column\">\n\t\t\t<div class=\"elementor-widget-wrap elementor-element-populated\">\n\t\t\t\t\t\t\t<\/div>\n\t\t<\/div>\n\t\t\t\t<div class=\"elementor-column elementor-col-50 elementor-top-column elementor-element elementor-element-651f0d4 elementor-hidden-mobile\" data-id=\"651f0d4\" data-element_type=\"column\">\n\t\t\t<div class=\"elementor-widget-wrap\">\n\t\t\t\t\t\t\t<\/div>\n\t\t<\/div>\n\t\t\t\t\t<\/div>\n\t\t<\/section>\n\t\t\t\t<section class=\"elementor-section elementor-top-section elementor-element elementor-element-838126a elementor-section-boxed elementor-section-height-default elementor-section-height-default\" data-id=\"838126a\" data-element_type=\"section\">\n\t\t\t\t\t\t<div class=\"elementor-container elementor-column-gap-default\">\n\t\t\t\t\t<div class=\"elementor-column elementor-col-50 elementor-top-column elementor-element elementor-element-05513af\" data-id=\"05513af\" data-element_type=\"column\" data-settings=\"{&quot;background_background&quot;:&quot;classic&quot;}\">\n\t\t\t<div class=\"elementor-widget-wrap elementor-element-populated\">\n\t\t\t\t\t\t<div class=\"elementor-element elementor-element-fbb432a elementor-headline--style-rotate elementor-widget elementor-widget-animated-headline\" data-id=\"fbb432a\" data-element_type=\"widget\" data-settings=\"{&quot;headline_style&quot;:&quot;rotate&quot;,&quot;animation_type&quot;:&quot;flip&quot;,&quot;rotating_text&quot;:&quot;_\\n_\\n_&quot;,&quot;rotate_iteration_delay&quot;:2000,&quot;_animation&quot;:&quot;none&quot;}\" data-widget_type=\"animated-headline.default\">\n\t\t\t\t<div class=\"elementor-widget-container\">\n\t\t\t\t\t\t\t<h1 class=\"elementor-headline elementor-headline-animation-type-flip\">\n\t\t\t\t<span class=\"elementor-headline-dynamic-wrapper elementor-headline-text-wrapper\">\n\t\t\t\t\t<span class=\"elementor-headline-dynamic-text elementor-headline-text-active\">\n\t\t\t\t_\t\t\t<\/span>\n\t\t\t\t\t<span class=\"elementor-headline-dynamic-text\">\n\t\t\t\t_\t\t\t<\/span>\n\t\t\t\t\t<span class=\"elementor-headline-dynamic-text\">\n\t\t\t\t_\t\t\t<\/span>\n\t\t\t\t\t\t<\/span>\n\t\t\t\t\t<span class=\"elementor-headline-plain-text elementor-headline-text-wrapper\">Contact<\/span>\n\t\t\t\t\t<\/h1>\n\t\t\t\t\t\t<\/div>\n\t\t\t\t<\/div>\n\t\t\t\t<div class=\"elementor-element elementor-element-9cccd1c elementor-widget elementor-widget-heading\" data-id=\"9cccd1c\" data-element_type=\"widget\" data-widget_type=\"heading.default\">\n\t\t\t\t<div class=\"elementor-widget-container\">\n\t\t\t\t\t<h3 class=\"elementor-heading-title elementor-size-default\">We look forward to helping you<\/h3>\t\t\t\t<\/div>\n\t\t\t\t<\/div>\n\t\t\t\t\t<\/div>\n\t\t<\/div>\n\t\t\t\t<div class=\"elementor-column elementor-col-50 elementor-top-column elementor-element elementor-element-b7970e7\" data-id=\"b7970e7\" data-element_type=\"column\">\n\t\t\t<div class=\"elementor-widget-wrap elementor-element-populated\">\n\t\t\t\t\t\t<div class=\"elementor-element elementor-element-c3dae01 elementor-hidden-mobile elementor-widget elementor-widget-spacer\" data-id=\"c3dae01\" data-element_type=\"widget\" data-widget_type=\"spacer.default\">\n\t\t\t\t<div class=\"elementor-widget-container\">\n\t\t\t\t\t\t\t<div class=\"elementor-spacer\">\n\t\t\t<div class=\"elementor-spacer-inner\"><\/div>\n\t\t<\/div>\n\t\t\t\t\t\t<\/div>\n\t\t\t\t<\/div>\n\t\t\t\t<div class=\"elementor-element elementor-element-f4093cd elementor-widget elementor-widget-text-editor\" data-id=\"f4093cd\" data-element_type=\"widget\" data-widget_type=\"text-editor.default\">\n\t\t\t\t<div class=\"elementor-widget-container\">\n\t\t\t\t\t\t\t\t\t<p>Would you like assistance with your saddle-related queries?<\/p>\n<p>In order to provide you with the best possible support, I would ask that you please complete the&nbsp;contact form&nbsp;.&nbsp;Of course, you can also contact me by phone or email if you like.<\/p>\n<h5>Contact details<\/h5>\n<p>+31 (0)6 2257 8257 &nbsp;| &nbsp;natalie.vanhulst@gmail.com &nbsp;| &nbsp;Lithoijen<br \/>Chamber of Commerce registration number: 89936655 &nbsp;| &nbsp;VAT number: NL004773753B21<\/p>\n\t\t\t\t\t\t\t\t<\/div>\n\t\t\t\t<\/div>\n\t\t\t\t\t<\/div>\n\t\t<\/div>\n\t\t\t\t\t<\/div>\n\t\t<\/section>\n\t\t\t\t<section class=\"elementor-section elementor-top-section elementor-element elementor-element-3a8c91f elementor-reverse-mobile elementor-section-content-middle elementor-section-boxed elementor-section-height-default elementor-section-height-default\" data-id=\"3a8c91f\" data-element_type=\"section\" id=\"contactformulier\" data-settings=\"{&quot;background_background&quot;:&quot;classic&quot;}\">\n\t\t\t\t\t\t<div class=\"elementor-container elementor-column-gap-wide\">\n\t\t\t\t\t<div class=\"elementor-column elementor-col-50 elementor-top-column elementor-element elementor-element-d7815cd elementor-hidden-tablet elementor-hidden-mobile\" data-id=\"d7815cd\" data-element_type=\"column\" data-settings=\"{&quot;background_background&quot;:&quot;classic&quot;}\">\n\t\t\t<div class=\"elementor-widget-wrap\">\n\t\t\t\t\t\t\t<\/div>\n\t\t<\/div>\n\t\t\t\t<div class=\"elementor-column elementor-col-50 elementor-top-column elementor-element elementor-element-9d42f2d\" data-id=\"9d42f2d\" data-element_type=\"column\" data-settings=\"{&quot;background_background&quot;:&quot;classic&quot;}\">\n\t\t\t<div class=\"elementor-widget-wrap elementor-element-populated\">\n\t\t\t\t\t\t<div class=\"elementor-element elementor-element-2a316653 elementor-widget elementor-widget-heading\" data-id=\"2a316653\" data-element_type=\"widget\" data-widget_type=\"heading.default\">\n\t\t\t\t<div class=\"elementor-widget-container\">\n\t\t\t\t\t<h2 class=\"elementor-heading-title elementor-size-default\">Contact Form<\/h2>\t\t\t\t<\/div>\n\t\t\t\t<\/div>\n\t\t\t\t<div class=\"elementor-element elementor-element-51411417 elementor-tablet-button-align-start elementor-mobile-button-align-start elementor-button-align-start elementor-widget elementor-widget-form\" data-id=\"51411417\" data-element_type=\"widget\" data-settings=\"{&quot;step_next_label&quot;:&quot;Next&quot;,&quot;step_previous_label&quot;:&quot;Previous&quot;,&quot;button_width&quot;:&quot;100&quot;,&quot;step_type&quot;:&quot;number_text&quot;,&quot;step_icon_shape&quot;:&quot;circle&quot;}\" data-widget_type=\"form.default\">\n\t\t\t\t<div class=\"elementor-widget-container\">\n\t\t\t\t\t\t\t<form class=\"elementor-form\" method=\"post\" name=\"New Form\" aria-label=\"New Form\">\n\t\t\t<input type=\"hidden\" name=\"post_id\" value=\"1598\"\/>\n\t\t\t<input type=\"hidden\" name=\"form_id\" value=\"51411417\"\/>\n\t\t\t<input type=\"hidden\" name=\"referer_title\" value=\"van Hulst Zadels\" \/>\n\n\t\t\t\n\t\t\t<div class=\"elementor-form-fields-wrapper elementor-labels-above\">\n\t\t\t\t\t\t\t\t<div class=\"elementor-field-type-text elementor-field-group elementor-column elementor-field-group-name elementor-col-100 elementor-field-required elementor-mark-required\">\n\t\t\t\t\t\t\t\t\t\t\t\t<label for=\"form-field-name\" class=\"elementor-field-label\">\n\t\t\t\t\t\t\t\tName\t\t\t\t\t\t\t<\/label>\n\t\t\t\t\t\t\t\t\t\t\t\t\t\t<input size=\"1\" type=\"text\" name=\"form_fields[name]\" id=\"form-field-name\" class=\"elementor-field elementor-size-xs  elementor-field-textual\" required=\"required\">\n\t\t\t\t\t\t\t\t\t\t\t<\/div>\n\t\t\t\t\t\t\t\t<div class=\"elementor-field-type-email elementor-field-group elementor-column elementor-field-group-field_1 elementor-col-50 elementor-field-required elementor-mark-required\">\n\t\t\t\t\t\t\t\t\t\t\t\t<label for=\"form-field-field_1\" class=\"elementor-field-label\">\n\t\t\t\t\t\t\t\tEmail\t\t\t\t\t\t\t<\/label>\n\t\t\t\t\t\t\t\t\t\t\t\t\t\t<input size=\"1\" type=\"email\" name=\"form_fields[field_1]\" id=\"form-field-field_1\" class=\"elementor-field elementor-size-xs  elementor-field-textual\" required=\"required\">\n\t\t\t\t\t\t\t\t\t\t\t<\/div>\n\t\t\t\t\t\t\t\t<div class=\"elementor-field-type-tel elementor-field-group elementor-column elementor-field-group-email elementor-col-50 elementor-field-required elementor-mark-required\">\n\t\t\t\t\t\t\t\t\t\t\t\t<label for=\"form-field-email\" class=\"elementor-field-label\">\n\t\t\t\t\t\t\t\tPhone number\t\t\t\t\t\t\t<\/label>\n\t\t\t\t\t\t\t\t<input size=\"1\" type=\"tel\" name=\"form_fields[email]\" id=\"form-field-email\" class=\"elementor-field elementor-size-xs  elementor-field-textual\" required=\"required\" pattern=\"[0-9()#&amp;+*-=.]+\" title=\"Only numbers and phone characters (#, -, *, etc) are accepted.\">\n\n\t\t\t\t\t\t<\/div>\n\t\t\t\t\t\t\t\t<div class=\"elementor-field-type-text elementor-field-group elementor-column elementor-field-group-field_3 elementor-col-50 elementor-field-required elementor-mark-required\">\n\t\t\t\t\t\t\t\t\t\t\t\t<label for=\"form-field-field_3\" class=\"elementor-field-label\">\n\t\t\t\t\t\t\t\tHorse\u2019s breed\t\t\t\t\t\t\t<\/label>\n\t\t\t\t\t\t\t\t\t\t\t\t\t\t<input size=\"1\" type=\"text\" name=\"form_fields[field_3]\" id=\"form-field-field_3\" class=\"elementor-field elementor-size-xs  elementor-field-textual\" required=\"required\">\n\t\t\t\t\t\t\t\t\t\t\t<\/div>\n\t\t\t\t\t\t\t\t<div class=\"elementor-field-type-text elementor-field-group elementor-column elementor-field-group-field_d2c3732 elementor-col-50 elementor-field-required elementor-mark-required\">\n\t\t\t\t\t\t\t\t\t\t\t\t<label for=\"form-field-field_d2c3732\" class=\"elementor-field-label\">\n\t\t\t\t\t\t\t\tHorse\u2019s age: \t\t\t\t\t\t\t<\/label>\n\t\t\t\t\t\t\t\t\t\t\t\t\t\t<input size=\"1\" type=\"text\" name=\"form_fields[field_d2c3732]\" id=\"form-field-field_d2c3732\" class=\"elementor-field elementor-size-xs  elementor-field-textual\" required=\"required\">\n\t\t\t\t\t\t\t\t\t\t\t<\/div>\n\t\t\t\t\t\t\t\t<div class=\"elementor-field-type-text elementor-field-group elementor-column elementor-field-group-field_bb64ce7 elementor-col-50 elementor-field-required elementor-mark-required\">\n\t\t\t\t\t\t\t\t\t\t\t\t<label for=\"form-field-field_bb64ce7\" class=\"elementor-field-label\">\n\t\t\t\t\t\t\t\tHorse\u2019s height\t\t\t\t\t\t\t<\/label>\n\t\t\t\t\t\t\t\t\t\t\t\t\t\t<input size=\"1\" type=\"text\" name=\"form_fields[field_bb64ce7]\" id=\"form-field-field_bb64ce7\" class=\"elementor-field elementor-size-xs  elementor-field-textual\" required=\"required\">\n\t\t\t\t\t\t\t\t\t\t\t<\/div>\n\t\t\t\t\t\t\t\t<div class=\"elementor-field-type-text elementor-field-group elementor-column elementor-field-group-field_0acb34c elementor-col-50 elementor-field-required elementor-mark-required\">\n\t\t\t\t\t\t\t\t\t\t\t\t<label for=\"form-field-field_0acb34c\" class=\"elementor-field-label\">\n\t\t\t\t\t\t\t\tDiscipline\t\t\t\t\t\t\t<\/label>\n\t\t\t\t\t\t\t\t\t\t\t\t\t\t<input size=\"1\" type=\"text\" name=\"form_fields[field_0acb34c]\" id=\"form-field-field_0acb34c\" class=\"elementor-field elementor-size-xs  elementor-field-textual\" required=\"required\">\n\t\t\t\t\t\t\t\t\t\t\t<\/div>\n\t\t\t\t\t\t\t\t<div class=\"elementor-field-type-text elementor-field-group elementor-column elementor-field-group-field_c005aae elementor-col-50 elementor-field-required elementor-mark-required\">\n\t\t\t\t\t\t\t\t\t\t\t\t<label for=\"form-field-field_c005aae\" class=\"elementor-field-label\">\n\t\t\t\t\t\t\t\tTraining level\t\t\t\t\t\t\t<\/label>\n\t\t\t\t\t\t\t\t\t\t\t\t\t\t<input size=\"1\" type=\"text\" name=\"form_fields[field_c005aae]\" id=\"form-field-field_c005aae\" class=\"elementor-field elementor-size-xs  elementor-field-textual\" required=\"required\">\n\t\t\t\t\t\t\t\t\t\t\t<\/div>\n\t\t\t\t\t\t\t\t<div class=\"elementor-field-type-text elementor-field-group elementor-column elementor-field-group-field_7570a77 elementor-col-50 elementor-field-required elementor-mark-required\">\n\t\t\t\t\t\t\t\t\t\t\t\t<label for=\"form-field-field_7570a77\" class=\"elementor-field-label\">\n\t\t\t\t\t\t\t\tAddress where horse is located\t\t\t\t\t\t\t<\/label>\n\t\t\t\t\t\t\t\t\t\t\t\t\t\t<input size=\"1\" type=\"text\" name=\"form_fields[field_7570a77]\" id=\"form-field-field_7570a77\" class=\"elementor-field elementor-size-xs  elementor-field-textual\" required=\"required\">\n\t\t\t\t\t\t\t\t\t\t\t<\/div>\n\t\t\t\t\t\t\t\t<div class=\"elementor-field-type-textarea elementor-field-group elementor-column elementor-field-group-message elementor-col-100\">\n\t\t\t\t\t\t\t\t\t\t\t\t<label for=\"form-field-message\" class=\"elementor-field-label\">\n\t\t\t\t\t\t\t\tProblem\/issue (if applicable)\t\t\t\t\t\t\t<\/label>\n\t\t\t\t\t\t<textarea class=\"elementor-field-textual elementor-field  elementor-size-xs\" name=\"form_fields[message]\" id=\"form-field-message\" rows=\"3\"><\/textarea>\t\t\t\t<\/div>\n\t\t\t\t\t\t\t\t<div class=\"elementor-field-type-upload elementor-field-group elementor-column elementor-field-group-field_67abd9a elementor-col-100\">\n\t\t\t\t\t\t\t\t\t\t\t\t<label for=\"form-field-field_67abd9a\" class=\"elementor-field-label\">\n\t\t\t\t\t\t\t\tPlease upload a lateral photo of the horse (the side must be clearly visible)\t\t\t\t\t\t\t<\/label>\n\t\t\t\t\t\t\t\t<input type=\"file\" name=\"form_fields[field_67abd9a]\" id=\"form-field-field_67abd9a\" class=\"elementor-field elementor-size-xs  elementor-upload-field\" data-maxsize=\"2\" data-maxsize-message=\"This file exceeds the maximum allowed size.\">\n\n\t\t\t\t\t\t<\/div>\n\t\t\t\t\t\t\t\t<div class=\"elementor-field-type-recaptcha_v3 elementor-field-group elementor-column elementor-field-group-field_c42ff5a elementor-col-100 recaptcha_v3-bottomright\">\n\t\t\t\t\t<div class=\"elementor-field\" id=\"form-field-field_c42ff5a\"><div class=\"elementor-g-recaptcha\" data-sitekey=\"6LeEgUonAAAAAGAi7rYOmCO-jyLgW66xRJlirmn2\" data-type=\"v3\" data-action=\"Form\" data-badge=\"bottomright\" data-size=\"invisible\"><\/div><\/div>\t\t\t\t<\/div>\n\t\t\t\t\t\t\t\t<div class=\"elementor-field-group elementor-column elementor-field-type-submit elementor-col-100 e-form__buttons\">\n\t\t\t\t\t<button class=\"elementor-button elementor-size-md\" type=\"submit\">\n\t\t\t\t\t\t<span class=\"elementor-button-content-wrapper\">\n\t\t\t\t\t\t\t\t\t\t\t\t\t\t\t\t\t\t\t\t\t\t<span class=\"elementor-button-text\">Submit form<\/span>\n\t\t\t\t\t\t\t\t\t\t\t\t\t<\/span>\n\t\t\t\t\t<\/button>\n\t\t\t\t<\/div>\n\t\t\t<\/div>\n\t\t<\/form>\n\t\t\t\t\t\t<\/div>\n\t\t\t\t<\/div>\n\t\t\t\t\t<\/div>\n\t\t<\/div>\n\t\t\t\t\t<\/div>\n\t\t<\/section>\n\t\t\t\t<\/div>\n\t\t","protected":false},"excerpt":{"rendered":"<p>_ _ _ Contact We look forward to helping you Would you like assistance with your saddle-related queries? In order to provide you with the best possible support, I would ask that you please complete the&nbsp;contact form&nbsp;.&nbsp;Of course, you can also contact me by phone or email if you like. Contact details +31 (0)6 2257 [&hellip;]<\/p>\n","protected":false},"author":3,"featured_media":0,"parent":0,"menu_order":0,"comment_status":"closed","ping_status":"closed","template":"","meta":{"footnotes":""},"class_list":["post-1598","page","type-page","status-publish","hentry"],"yoast_head":"<!-- This site is optimized with the Yoast SEO plugin v25.8 - https:\/\/yoast.com\/wordpress\/plugins\/seo\/ -->\n<title>Contact Natalie van Hulst | Van Hulst Zadels<\/title>\n<meta name=\"description\" content=\"If you would like support with your saddle-related questions, feel free to contact Natalie van Hulst at +31 (0)6 2257 8257 or send an email to natalie.vanhulst@gmail.com\" \/>\n<meta name=\"robots\" content=\"index, follow, max-snippet:-1, max-image-preview:large, max-video-preview:-1\" \/>\n<link rel=\"canonical\" href=\"https:\/\/v-hulstzadels.nl\/en\/contact\/\" \/>\n<meta property=\"og:locale\" content=\"en_US\" \/>\n<meta property=\"og:type\" content=\"article\" \/>\n<meta property=\"og:title\" content=\"Contact Natalie van Hulst | Van Hulst Zadels\" \/>\n<meta property=\"og:description\" content=\"If you would like support with your saddle-related questions, feel free to contact Natalie van Hulst at +31 (0)6 2257 8257 or send an email to natalie.vanhulst@gmail.com\" \/>\n<meta property=\"og:url\" content=\"https:\/\/v-hulstzadels.nl\/en\/contact\/\" \/>\n<meta property=\"og:site_name\" content=\"van Hulst Zadels\" \/>\n<meta property=\"article:modified_time\" content=\"2024-09-19T10:26:30+00:00\" \/>\n<meta name=\"twitter:card\" content=\"summary_large_image\" \/>\n<script type=\"application\/ld+json\" class=\"yoast-schema-graph\">{\"@context\":\"https:\/\/schema.org\",\"@graph\":[{\"@type\":\"WebPage\",\"@id\":\"https:\/\/v-hulstzadels.nl\/en\/contact\/\",\"url\":\"https:\/\/v-hulstzadels.nl\/en\/contact\/\",\"name\":\"Contact Natalie van Hulst | Van Hulst Zadels\",\"isPartOf\":{\"@id\":\"https:\/\/v-hulstzadels.nl\/en\/#website\"},\"datePublished\":\"2024-06-25T09:05:34+00:00\",\"dateModified\":\"2024-09-19T10:26:30+00:00\",\"description\":\"If you would like support with your saddle-related questions, feel free to contact Natalie van Hulst at +31 (0)6 2257 8257 or send an email to natalie.vanhulst@gmail.com\",\"breadcrumb\":{\"@id\":\"https:\/\/v-hulstzadels.nl\/en\/contact\/#breadcrumb\"},\"inLanguage\":\"en-US\",\"potentialAction\":[{\"@type\":\"ReadAction\",\"target\":[\"https:\/\/v-hulstzadels.nl\/en\/contact\/\"]}]},{\"@type\":\"BreadcrumbList\",\"@id\":\"https:\/\/v-hulstzadels.nl\/en\/contact\/#breadcrumb\",\"itemListElement\":[{\"@type\":\"ListItem\",\"position\":1,\"name\":\"Home\",\"item\":\"https:\/\/v-hulstzadels.nl\/en\/\"},{\"@type\":\"ListItem\",\"position\":2,\"name\":\"Contact\"}]},{\"@type\":\"WebSite\",\"@id\":\"https:\/\/v-hulstzadels.nl\/en\/#website\",\"url\":\"https:\/\/v-hulstzadels.nl\/en\/\",\"name\":\"van Hulst Zadels\",\"description\":\"Paardenwelzijn op plek \u00e9\u00e9n, twee \u00e9n drie\",\"publisher\":{\"@id\":\"https:\/\/v-hulstzadels.nl\/en\/#organization\"},\"potentialAction\":[{\"@type\":\"SearchAction\",\"target\":{\"@type\":\"EntryPoint\",\"urlTemplate\":\"https:\/\/v-hulstzadels.nl\/en\/?s={search_term_string}\"},\"query-input\":{\"@type\":\"PropertyValueSpecification\",\"valueRequired\":true,\"valueName\":\"search_term_string\"}}],\"inLanguage\":\"en-US\"},{\"@type\":\"Organization\",\"@id\":\"https:\/\/v-hulstzadels.nl\/en\/#organization\",\"name\":\"v. Hulst Zadels\",\"url\":\"https:\/\/v-hulstzadels.nl\/en\/\",\"logo\":{\"@type\":\"ImageObject\",\"inLanguage\":\"en-US\",\"@id\":\"https:\/\/v-hulstzadels.nl\/en\/#\/schema\/logo\/image\/\",\"url\":\"https:\/\/v-hulstzadels.nl\/wp-content\/uploads\/2024\/06\/cropped-van-Hulst-logo-CMYK.png\",\"contentUrl\":\"https:\/\/v-hulstzadels.nl\/wp-content\/uploads\/2024\/06\/cropped-van-Hulst-logo-CMYK.png\",\"width\":601,\"height\":169,\"caption\":\"v. Hulst Zadels\"},\"image\":{\"@id\":\"https:\/\/v-hulstzadels.nl\/en\/#\/schema\/logo\/image\/\"},\"sameAs\":[\"https:\/\/www.instagram.com\/v.hulstzadels\/\"]}]}<\/script>\n<!-- \/ Yoast SEO plugin. -->","yoast_head_json":{"title":"Contact Natalie van Hulst | Van Hulst Zadels","description":"If you would like support with your saddle-related questions, feel free to contact Natalie van Hulst at +31 (0)6 2257 8257 or send an email to natalie.vanhulst@gmail.com","robots":{"index":"index","follow":"follow","max-snippet":"max-snippet:-1","max-image-preview":"max-image-preview:large","max-video-preview":"max-video-preview:-1"},"canonical":"https:\/\/v-hulstzadels.nl\/en\/contact\/","og_locale":"en_US","og_type":"article","og_title":"Contact Natalie van Hulst | Van Hulst Zadels","og_description":"If you would like support with your saddle-related questions, feel free to contact Natalie van Hulst at +31 (0)6 2257 8257 or send an email to natalie.vanhulst@gmail.com","og_url":"https:\/\/v-hulstzadels.nl\/en\/contact\/","og_site_name":"van Hulst Zadels","article_modified_time":"2024-09-19T10:26:30+00:00","twitter_card":"summary_large_image","schema":{"@context":"https:\/\/schema.org","@graph":[{"@type":"WebPage","@id":"https:\/\/v-hulstzadels.nl\/en\/contact\/","url":"https:\/\/v-hulstzadels.nl\/en\/contact\/","name":"Contact Natalie van Hulst | Van Hulst Zadels","isPartOf":{"@id":"https:\/\/v-hulstzadels.nl\/en\/#website"},"datePublished":"2024-06-25T09:05:34+00:00","dateModified":"2024-09-19T10:26:30+00:00","description":"If you would like support with your saddle-related questions, feel free to contact Natalie van Hulst at +31 (0)6 2257 8257 or send an email to natalie.vanhulst@gmail.com","breadcrumb":{"@id":"https:\/\/v-hulstzadels.nl\/en\/contact\/#breadcrumb"},"inLanguage":"en-US","potentialAction":[{"@type":"ReadAction","target":["https:\/\/v-hulstzadels.nl\/en\/contact\/"]}]},{"@type":"BreadcrumbList","@id":"https:\/\/v-hulstzadels.nl\/en\/contact\/#breadcrumb","itemListElement":[{"@type":"ListItem","position":1,"name":"Home","item":"https:\/\/v-hulstzadels.nl\/en\/"},{"@type":"ListItem","position":2,"name":"Contact"}]},{"@type":"WebSite","@id":"https:\/\/v-hulstzadels.nl\/en\/#website","url":"https:\/\/v-hulstzadels.nl\/en\/","name":"van Hulst Zadels","description":"Paardenwelzijn op plek \u00e9\u00e9n, twee \u00e9n drie","publisher":{"@id":"https:\/\/v-hulstzadels.nl\/en\/#organization"},"potentialAction":[{"@type":"SearchAction","target":{"@type":"EntryPoint","urlTemplate":"https:\/\/v-hulstzadels.nl\/en\/?s={search_term_string}"},"query-input":{"@type":"PropertyValueSpecification","valueRequired":true,"valueName":"search_term_string"}}],"inLanguage":"en-US"},{"@type":"Organization","@id":"https:\/\/v-hulstzadels.nl\/en\/#organization","name":"v. Hulst Zadels","url":"https:\/\/v-hulstzadels.nl\/en\/","logo":{"@type":"ImageObject","inLanguage":"en-US","@id":"https:\/\/v-hulstzadels.nl\/en\/#\/schema\/logo\/image\/","url":"https:\/\/v-hulstzadels.nl\/wp-content\/uploads\/2024\/06\/cropped-van-Hulst-logo-CMYK.png","contentUrl":"https:\/\/v-hulstzadels.nl\/wp-content\/uploads\/2024\/06\/cropped-van-Hulst-logo-CMYK.png","width":601,"height":169,"caption":"v. Hulst Zadels"},"image":{"@id":"https:\/\/v-hulstzadels.nl\/en\/#\/schema\/logo\/image\/"},"sameAs":["https:\/\/www.instagram.com\/v.hulstzadels\/"]}]}},"_links":{"self":[{"href":"https:\/\/v-hulstzadels.nl\/en\/wp-json\/wp\/v2\/pages\/1598","targetHints":{"allow":["GET"]}}],"collection":[{"href":"https:\/\/v-hulstzadels.nl\/en\/wp-json\/wp\/v2\/pages"}],"about":[{"href":"https:\/\/v-hulstzadels.nl\/en\/wp-json\/wp\/v2\/types\/page"}],"author":[{"embeddable":true,"href":"https:\/\/v-hulstzadels.nl\/en\/wp-json\/wp\/v2\/users\/3"}],"replies":[{"embeddable":true,"href":"https:\/\/v-hulstzadels.nl\/en\/wp-json\/wp\/v2\/comments?post=1598"}],"version-history":[{"count":3,"href":"https:\/\/v-hulstzadels.nl\/en\/wp-json\/wp\/v2\/pages\/1598\/revisions"}],"predecessor-version":[{"id":1635,"href":"https:\/\/v-hulstzadels.nl\/en\/wp-json\/wp\/v2\/pages\/1598\/revisions\/1635"}],"wp:attachment":[{"href":"https:\/\/v-hulstzadels.nl\/en\/wp-json\/wp\/v2\/media?parent=1598"}],"curies":[{"name":"wp","href":"https:\/\/api.w.org\/{rel}","templated":true}]}}